{"id":276,"date":"2019-10-07T13:56:31","date_gmt":"2019-10-07T12:56:31","guid":{"rendered":"http:\/\/demos.redgraphic.co.uk\/skbearings\/?post_type=product&#038;p=276"},"modified":"2021-02-02T16:01:20","modified_gmt":"2021-02-02T16:01:20","slug":"skd","status":"publish","type":"product","link":"https:\/\/skbearings.co.uk\/fr\/product\/skd\/","title":{"rendered":"Capuchon de goujon Roulement SKD"},"content":{"rendered":"<h3><strong>PRODUIT\u00a0<\/strong>CODE<\/h3>\n<p><strong>R\u00e9f\u00e9rence typique :\u00a0<\/strong>SKDB6D<\/p>\n<ul>\n<li>D = roulements de type SKD.<\/li>\n<li>B6 = caoutchouc naturel d'une duret\u00e9 de 60 degr\u00e9s.<\/li>\n<li>D = Diam\u00e8tre du goujon (20 mm, 25 mm, 32 mm, 40 mm, 50 mm).<\/li>\n<li>Longueur interne = 76,5 mm en standard pour les tailles 1 \u00e0 4 (utiliser le suffixe X pour une longueur interne de 300 mm).<\/li>\n<\/ul>","protected":false},"excerpt":{"rendered":"<p>Un joint d'arr\u00eat mont\u00e9 en surface avec des fixations cach\u00e9es, adapt\u00e9 aux portes int\u00e9rieures et ext\u00e9rieures \u00e0 simple action. Les joints Blizzard conviennent \u00e9galement aux fen\u00eatres \u00e0 battants \u00e0 simple action.<\/p>","protected":false},"featured_media":663,"template":"","meta":{"_acf_changed":false},"product_brand":[],"product_cat":[39],"product_tag":[],"class_list":{"0":"post-276","1":"product","2":"type-product","3":"status-publish","4":"has-post-thumbnail","6":"product_cat-other-types","8":"first","9":"instock","10":"shipping-taxable","11":"purchasable","12":"product-type-variable"},"acf":[],"yoast_head":"<!-- This site is optimized with the Yoast SEO plugin v27.3 - https:\/\/yoast.com\/product\/yoast-seo-wordpress\/ -->\n<title>Dowel Cap SKD Bearing - SK Bearings<\/title>\n<meta name=\"description\" content=\"SKD Dowel Caps are designed to accommodate small horizontal movement is steel dowels such as may be employed as restraint in some bridge designs.\" \/>\n<meta name=\"robots\" content=\"index, follow, max-snippet:-1, max-image-preview:large, max-video-preview:-1\" \/>\n<link rel=\"canonical\" href=\"https:\/\/skbearings.co.uk\/fr\/product\/skd\/\" \/>\n<meta property=\"og:locale\" content=\"fr_FR\" \/>\n<meta property=\"og:type\" content=\"article\" \/>\n<meta property=\"og:title\" content=\"Dowel Cap SKD Bearing - SK Bearings\" \/>\n<meta property=\"og:description\" content=\"SKD Dowel Caps are designed to accommodate small horizontal movement is steel dowels such as may be employed as restraint in some bridge designs.\" \/>\n<meta property=\"og:url\" content=\"https:\/\/skbearings.co.uk\/fr\/product\/skd\/\" \/>\n<meta property=\"og:site_name\" content=\"SK Bearings\" \/>\n<meta property=\"article:modified_time\" content=\"2021-02-02T16:01:20+00:00\" \/>\n<meta property=\"og:image\" content=\"https:\/\/skbearings.co.uk\/wp-content\/uploads\/2019\/10\/SKD-Website-Image.png\" \/>\n\t<meta property=\"og:image:width\" content=\"2067\" \/>\n\t<meta property=\"og:image:height\" content=\"1345\" \/>\n\t<meta property=\"og:image:type\" content=\"image\/png\" \/>\n<meta name=\"twitter:card\" content=\"summary_large_image\" \/>\n<script type=\"application\/ld+json\" class=\"yoast-schema-graph\">{\"@context\":\"https:\\\/\\\/schema.org\",\"@graph\":[{\"@type\":\"WebPage\",\"@id\":\"https:\\\/\\\/skbearings.co.uk\\\/product\\\/skd\\\/\",\"url\":\"https:\\\/\\\/skbearings.co.uk\\\/product\\\/skd\\\/\",\"name\":\"Dowel Cap SKD Bearing - SK Bearings\",\"isPartOf\":{\"@id\":\"https:\\\/\\\/skbearings.co.uk\\\/#website\"},\"primaryImageOfPage\":{\"@id\":\"https:\\\/\\\/skbearings.co.uk\\\/product\\\/skd\\\/#primaryimage\"},\"image\":{\"@id\":\"https:\\\/\\\/skbearings.co.uk\\\/product\\\/skd\\\/#primaryimage\"},\"thumbnailUrl\":\"https:\\\/\\\/skbearings.co.uk\\\/wp-content\\\/uploads\\\/2019\\\/10\\\/SKD-Website-Image.png\",\"datePublished\":\"2019-10-07T12:56:31+00:00\",\"dateModified\":\"2021-02-02T16:01:20+00:00\",\"description\":\"SKD Dowel Caps are designed to accommodate small horizontal movement is steel dowels such as may be employed as restraint in some bridge designs.\",\"breadcrumb\":{\"@id\":\"https:\\\/\\\/skbearings.co.uk\\\/product\\\/skd\\\/#breadcrumb\"},\"inLanguage\":\"fr-FR\",\"potentialAction\":[{\"@type\":\"ReadAction\",\"target\":[\"https:\\\/\\\/skbearings.co.uk\\\/product\\\/skd\\\/\"]}]},{\"@type\":\"ImageObject\",\"inLanguage\":\"fr-FR\",\"@id\":\"https:\\\/\\\/skbearings.co.uk\\\/product\\\/skd\\\/#primaryimage\",\"url\":\"https:\\\/\\\/skbearings.co.uk\\\/wp-content\\\/uploads\\\/2019\\\/10\\\/SKD-Website-Image.png\",\"contentUrl\":\"https:\\\/\\\/skbearings.co.uk\\\/wp-content\\\/uploads\\\/2019\\\/10\\\/SKD-Website-Image.png\",\"width\":2067,\"height\":1345,\"caption\":\"SKD Bearing\"},{\"@type\":\"BreadcrumbList\",\"@id\":\"https:\\\/\\\/skbearings.co.uk\\\/product\\\/skd\\\/#breadcrumb\",\"itemListElement\":[{\"@type\":\"ListItem\",\"position\":1,\"name\":\"Home\",\"item\":\"https:\\\/\\\/skbearings.co.uk\\\/\"},{\"@type\":\"ListItem\",\"position\":2,\"name\":\"All Products\",\"item\":\"https:\\\/\\\/skbearings.co.uk\\\/products\\\/\"},{\"@type\":\"ListItem\",\"position\":3,\"name\":\"Dowel Cap SKD Bearing\"}]},{\"@type\":\"WebSite\",\"@id\":\"https:\\\/\\\/skbearings.co.uk\\\/#website\",\"url\":\"https:\\\/\\\/skbearings.co.uk\\\/\",\"name\":\"SK Bearings\",\"description\":\"\",\"publisher\":{\"@id\":\"https:\\\/\\\/skbearings.co.uk\\\/#organization\"},\"potentialAction\":[{\"@type\":\"SearchAction\",\"target\":{\"@type\":\"EntryPoint\",\"urlTemplate\":\"https:\\\/\\\/skbearings.co.uk\\\/?s={search_term_string}\"},\"query-input\":{\"@type\":\"PropertyValueSpecification\",\"valueRequired\":true,\"valueName\":\"search_term_string\"}}],\"inLanguage\":\"fr-FR\"},{\"@type\":\"Organization\",\"@id\":\"https:\\\/\\\/skbearings.co.uk\\\/#organization\",\"name\":\"SK Bearings\",\"url\":\"https:\\\/\\\/skbearings.co.uk\\\/\",\"logo\":{\"@type\":\"ImageObject\",\"inLanguage\":\"fr-FR\",\"@id\":\"https:\\\/\\\/skbearings.co.uk\\\/#\\\/schema\\\/logo\\\/image\\\/\",\"url\":\"https:\\\/\\\/skbearings.local\\\/wp-content\\\/uploads\\\/2019\\\/11\\\/skbearings_logo.jpg\",\"contentUrl\":\"https:\\\/\\\/skbearings.local\\\/wp-content\\\/uploads\\\/2019\\\/11\\\/skbearings_logo.jpg\",\"width\":636,\"height\":141,\"caption\":\"SK Bearings\"},\"image\":{\"@id\":\"https:\\\/\\\/skbearings.co.uk\\\/#\\\/schema\\\/logo\\\/image\\\/\"}}]}<\/script>\n<!-- \/ Yoast SEO plugin. -->","yoast_head_json":{"title":"Capuchon de goujon SKD - SK Bearings","description":"Les capuchons de chevilles SKD sont con\u00e7us pour absorber les petits mouvements horizontaux des chevilles en acier, tels qu'ils peuvent \u00eatre utilis\u00e9s comme retenue dans la conception de certains ponts.","robots":{"index":"index","follow":"follow","max-snippet":"max-snippet:-1","max-image-preview":"max-image-preview:large","max-video-preview":"max-video-preview:-1"},"canonical":"https:\/\/skbearings.co.uk\/fr\/product\/skd\/","og_locale":"fr_FR","og_type":"article","og_title":"Dowel Cap SKD Bearing - SK Bearings","og_description":"SKD Dowel Caps are designed to accommodate small horizontal movement is steel dowels such as may be employed as restraint in some bridge designs.","og_url":"https:\/\/skbearings.co.uk\/fr\/product\/skd\/","og_site_name":"SK Bearings","article_modified_time":"2021-02-02T16:01:20+00:00","og_image":[{"width":2067,"height":1345,"url":"https:\/\/skbearings.co.uk\/wp-content\/uploads\/2019\/10\/SKD-Website-Image.png","type":"image\/png"}],"twitter_card":"summary_large_image","schema":{"@context":"https:\/\/schema.org","@graph":[{"@type":"WebPage","@id":"https:\/\/skbearings.co.uk\/product\/skd\/","url":"https:\/\/skbearings.co.uk\/product\/skd\/","name":"Capuchon de goujon SKD - SK Bearings","isPartOf":{"@id":"https:\/\/skbearings.co.uk\/#website"},"primaryImageOfPage":{"@id":"https:\/\/skbearings.co.uk\/product\/skd\/#primaryimage"},"image":{"@id":"https:\/\/skbearings.co.uk\/product\/skd\/#primaryimage"},"thumbnailUrl":"https:\/\/skbearings.co.uk\/wp-content\/uploads\/2019\/10\/SKD-Website-Image.png","datePublished":"2019-10-07T12:56:31+00:00","dateModified":"2021-02-02T16:01:20+00:00","description":"Les capuchons de chevilles SKD sont con\u00e7us pour absorber les petits mouvements horizontaux des chevilles en acier, tels qu'ils peuvent \u00eatre utilis\u00e9s comme retenue dans la conception de certains ponts.","breadcrumb":{"@id":"https:\/\/skbearings.co.uk\/product\/skd\/#breadcrumb"},"inLanguage":"fr-FR","potentialAction":[{"@type":"ReadAction","target":["https:\/\/skbearings.co.uk\/product\/skd\/"]}]},{"@type":"ImageObject","inLanguage":"fr-FR","@id":"https:\/\/skbearings.co.uk\/product\/skd\/#primaryimage","url":"https:\/\/skbearings.co.uk\/wp-content\/uploads\/2019\/10\/SKD-Website-Image.png","contentUrl":"https:\/\/skbearings.co.uk\/wp-content\/uploads\/2019\/10\/SKD-Website-Image.png","width":2067,"height":1345,"caption":"SKD Bearing"},{"@type":"BreadcrumbList","@id":"https:\/\/skbearings.co.uk\/product\/skd\/#breadcrumb","itemListElement":[{"@type":"ListItem","position":1,"name":"Home","item":"https:\/\/skbearings.co.uk\/"},{"@type":"ListItem","position":2,"name":"All Products","item":"https:\/\/skbearings.co.uk\/products\/"},{"@type":"ListItem","position":3,"name":"Dowel Cap SKD Bearing"}]},{"@type":"WebSite","@id":"https:\/\/skbearings.co.uk\/#website","url":"https:\/\/skbearings.co.uk\/","name":"Roulements SK","description":"","publisher":{"@id":"https:\/\/skbearings.co.uk\/#organization"},"potentialAction":[{"@type":"SearchAction","target":{"@type":"EntryPoint","urlTemplate":"https:\/\/skbearings.co.uk\/?s={search_term_string}"},"query-input":{"@type":"PropertyValueSpecification","valueRequired":true,"valueName":"search_term_string"}}],"inLanguage":"fr-FR"},{"@type":"Organization","@id":"https:\/\/skbearings.co.uk\/#organization","name":"Roulements SK","url":"https:\/\/skbearings.co.uk\/","logo":{"@type":"ImageObject","inLanguage":"fr-FR","@id":"https:\/\/skbearings.co.uk\/#\/schema\/logo\/image\/","url":"https:\/\/skbearings.local\/wp-content\/uploads\/2019\/11\/skbearings_logo.jpg","contentUrl":"https:\/\/skbearings.local\/wp-content\/uploads\/2019\/11\/skbearings_logo.jpg","width":636,"height":141,"caption":"SK Bearings"},"image":{"@id":"https:\/\/skbearings.co.uk\/#\/schema\/logo\/image\/"}}]}},"_links":{"self":[{"href":"https:\/\/skbearings.co.uk\/fr\/wp-json\/wp\/v2\/product\/276","targetHints":{"allow":["GET"]}}],"collection":[{"href":"https:\/\/skbearings.co.uk\/fr\/wp-json\/wp\/v2\/product"}],"about":[{"href":"https:\/\/skbearings.co.uk\/fr\/wp-json\/wp\/v2\/types\/product"}],"wp:featuredmedia":[{"embeddable":true,"href":"https:\/\/skbearings.co.uk\/fr\/wp-json\/wp\/v2\/media\/663"}],"wp:attachment":[{"href":"https:\/\/skbearings.co.uk\/fr\/wp-json\/wp\/v2\/media?parent=276"}],"wp:term":[{"taxonomy":"product_brand","embeddable":true,"href":"https:\/\/skbearings.co.uk\/fr\/wp-json\/wp\/v2\/product_brand?post=276"},{"taxonomy":"product_cat","embeddable":true,"href":"https:\/\/skbearings.co.uk\/fr\/wp-json\/wp\/v2\/product_cat?post=276"},{"taxonomy":"product_tag","embeddable":true,"href":"https:\/\/skbearings.co.uk\/fr\/wp-json\/wp\/v2\/product_tag?post=276"}],"curies":[{"name":"wp","href":"https:\/\/api.w.org\/{rel}","templated":true}]}}