{"id":276,"date":"2019-10-07T13:56:31","date_gmt":"2019-10-07T12:56:31","guid":{"rendered":"http:\/\/demos.redgraphic.co.uk\/skbearings\/?post_type=product&#038;p=276"},"modified":"2021-02-02T16:01:20","modified_gmt":"2021-02-02T16:01:20","slug":"skd","status":"publish","type":"product","link":"https:\/\/skbearings.co.uk\/es\/product\/skd\/","title":{"rendered":"Pasador SKD Rodamiento"},"content":{"rendered":"<h3><strong>PRODUCTO\u00a0<\/strong>C\u00d3DIGO<\/h3>\n<p><strong>Referencia t\u00edpica:\u00a0<\/strong>SKDB6D<\/p>\n<ul>\n<li>D = Rodamientos tipo SKD.<\/li>\n<li>B6 = Caucho natural de 60 grados de dureza.<\/li>\n<li>D = Di\u00e1metro del pasador (20 mm, 25 mm, 32 mm, 40 mm, 50 mm).<\/li>\n<li>Longitud interna = 76,5 mm como est\u00e1ndar para los tama\u00f1os 1 a 4, (utilice el sufijo X para una longitud interna de 300 mm).<\/li>\n<\/ul>","protected":false},"excerpt":{"rendered":"<p>Junta de tope montada en superficie con fijaciones ocultas, adecuada para puertas interiores y exteriores de simple efecto. Las juntas Blizzard tambi\u00e9n son adecuadas para ventanas abatibles de simple efecto.<\/p>","protected":false},"featured_media":663,"template":"","meta":{"_acf_changed":false},"product_brand":[],"product_cat":[39],"product_tag":[],"class_list":{"0":"post-276","1":"product","2":"type-product","3":"status-publish","4":"has-post-thumbnail","6":"product_cat-other-types","8":"first","9":"instock","10":"shipping-taxable","11":"purchasable","12":"product-type-variable"},"acf":[],"yoast_head":"<!-- This site is optimized with the Yoast SEO plugin v27.3 - https:\/\/yoast.com\/product\/yoast-seo-wordpress\/ -->\n<title>Dowel Cap SKD Bearing - SK Bearings<\/title>\n<meta name=\"description\" content=\"SKD Dowel Caps are designed to accommodate small horizontal movement is steel dowels such as may be employed as restraint in some bridge designs.\" \/>\n<meta name=\"robots\" content=\"index, follow, max-snippet:-1, max-image-preview:large, max-video-preview:-1\" \/>\n<link rel=\"canonical\" href=\"https:\/\/skbearings.co.uk\/es\/product\/skd\/\" \/>\n<meta property=\"og:locale\" content=\"es_ES\" \/>\n<meta property=\"og:type\" content=\"article\" \/>\n<meta property=\"og:title\" content=\"Dowel Cap SKD Bearing - SK Bearings\" \/>\n<meta property=\"og:description\" content=\"SKD Dowel Caps are designed to accommodate small horizontal movement is steel dowels such as may be employed as restraint in some bridge designs.\" \/>\n<meta property=\"og:url\" content=\"https:\/\/skbearings.co.uk\/es\/product\/skd\/\" \/>\n<meta property=\"og:site_name\" content=\"SK Bearings\" \/>\n<meta property=\"article:modified_time\" content=\"2021-02-02T16:01:20+00:00\" \/>\n<meta property=\"og:image\" content=\"https:\/\/skbearings.co.uk\/wp-content\/uploads\/2019\/10\/SKD-Website-Image.png\" \/>\n\t<meta property=\"og:image:width\" content=\"2067\" \/>\n\t<meta property=\"og:image:height\" content=\"1345\" \/>\n\t<meta property=\"og:image:type\" content=\"image\/png\" \/>\n<meta name=\"twitter:card\" content=\"summary_large_image\" \/>\n<script type=\"application\/ld+json\" class=\"yoast-schema-graph\">{\"@context\":\"https:\\\/\\\/schema.org\",\"@graph\":[{\"@type\":\"WebPage\",\"@id\":\"https:\\\/\\\/skbearings.co.uk\\\/product\\\/skd\\\/\",\"url\":\"https:\\\/\\\/skbearings.co.uk\\\/product\\\/skd\\\/\",\"name\":\"Dowel Cap SKD Bearing - SK Bearings\",\"isPartOf\":{\"@id\":\"https:\\\/\\\/skbearings.co.uk\\\/#website\"},\"primaryImageOfPage\":{\"@id\":\"https:\\\/\\\/skbearings.co.uk\\\/product\\\/skd\\\/#primaryimage\"},\"image\":{\"@id\":\"https:\\\/\\\/skbearings.co.uk\\\/product\\\/skd\\\/#primaryimage\"},\"thumbnailUrl\":\"https:\\\/\\\/skbearings.co.uk\\\/wp-content\\\/uploads\\\/2019\\\/10\\\/SKD-Website-Image.png\",\"datePublished\":\"2019-10-07T12:56:31+00:00\",\"dateModified\":\"2021-02-02T16:01:20+00:00\",\"description\":\"SKD Dowel Caps are designed to accommodate small horizontal movement is steel dowels such as may be employed as restraint in some bridge designs.\",\"breadcrumb\":{\"@id\":\"https:\\\/\\\/skbearings.co.uk\\\/product\\\/skd\\\/#breadcrumb\"},\"inLanguage\":\"es\",\"potentialAction\":[{\"@type\":\"ReadAction\",\"target\":[\"https:\\\/\\\/skbearings.co.uk\\\/product\\\/skd\\\/\"]}]},{\"@type\":\"ImageObject\",\"inLanguage\":\"es\",\"@id\":\"https:\\\/\\\/skbearings.co.uk\\\/product\\\/skd\\\/#primaryimage\",\"url\":\"https:\\\/\\\/skbearings.co.uk\\\/wp-content\\\/uploads\\\/2019\\\/10\\\/SKD-Website-Image.png\",\"contentUrl\":\"https:\\\/\\\/skbearings.co.uk\\\/wp-content\\\/uploads\\\/2019\\\/10\\\/SKD-Website-Image.png\",\"width\":2067,\"height\":1345,\"caption\":\"SKD Bearing\"},{\"@type\":\"BreadcrumbList\",\"@id\":\"https:\\\/\\\/skbearings.co.uk\\\/product\\\/skd\\\/#breadcrumb\",\"itemListElement\":[{\"@type\":\"ListItem\",\"position\":1,\"name\":\"Home\",\"item\":\"https:\\\/\\\/skbearings.co.uk\\\/\"},{\"@type\":\"ListItem\",\"position\":2,\"name\":\"All Products\",\"item\":\"https:\\\/\\\/skbearings.co.uk\\\/products\\\/\"},{\"@type\":\"ListItem\",\"position\":3,\"name\":\"Dowel Cap SKD Bearing\"}]},{\"@type\":\"WebSite\",\"@id\":\"https:\\\/\\\/skbearings.co.uk\\\/#website\",\"url\":\"https:\\\/\\\/skbearings.co.uk\\\/\",\"name\":\"SK Bearings\",\"description\":\"\",\"publisher\":{\"@id\":\"https:\\\/\\\/skbearings.co.uk\\\/#organization\"},\"potentialAction\":[{\"@type\":\"SearchAction\",\"target\":{\"@type\":\"EntryPoint\",\"urlTemplate\":\"https:\\\/\\\/skbearings.co.uk\\\/?s={search_term_string}\"},\"query-input\":{\"@type\":\"PropertyValueSpecification\",\"valueRequired\":true,\"valueName\":\"search_term_string\"}}],\"inLanguage\":\"es\"},{\"@type\":\"Organization\",\"@id\":\"https:\\\/\\\/skbearings.co.uk\\\/#organization\",\"name\":\"SK Bearings\",\"url\":\"https:\\\/\\\/skbearings.co.uk\\\/\",\"logo\":{\"@type\":\"ImageObject\",\"inLanguage\":\"es\",\"@id\":\"https:\\\/\\\/skbearings.co.uk\\\/#\\\/schema\\\/logo\\\/image\\\/\",\"url\":\"https:\\\/\\\/skbearings.local\\\/wp-content\\\/uploads\\\/2019\\\/11\\\/skbearings_logo.jpg\",\"contentUrl\":\"https:\\\/\\\/skbearings.local\\\/wp-content\\\/uploads\\\/2019\\\/11\\\/skbearings_logo.jpg\",\"width\":636,\"height\":141,\"caption\":\"SK Bearings\"},\"image\":{\"@id\":\"https:\\\/\\\/skbearings.co.uk\\\/#\\\/schema\\\/logo\\\/image\\\/\"}}]}<\/script>\n<!-- \/ Yoast SEO plugin. -->","yoast_head_json":{"title":"Rodamiento SKD Dowel Cap - SK Bearings","description":"Las tapas de pasador SKD est\u00e1n dise\u00f1adas para acomodar peque\u00f1os movimientos horizontales de los pasadores de acero, como los que pueden emplearse en algunos dise\u00f1os de puentes.","robots":{"index":"index","follow":"follow","max-snippet":"max-snippet:-1","max-image-preview":"max-image-preview:large","max-video-preview":"max-video-preview:-1"},"canonical":"https:\/\/skbearings.co.uk\/es\/product\/skd\/","og_locale":"es_ES","og_type":"article","og_title":"Dowel Cap SKD Bearing - SK Bearings","og_description":"SKD Dowel Caps are designed to accommodate small horizontal movement is steel dowels such as may be employed as restraint in some bridge designs.","og_url":"https:\/\/skbearings.co.uk\/es\/product\/skd\/","og_site_name":"SK Bearings","article_modified_time":"2021-02-02T16:01:20+00:00","og_image":[{"width":2067,"height":1345,"url":"https:\/\/skbearings.co.uk\/wp-content\/uploads\/2019\/10\/SKD-Website-Image.png","type":"image\/png"}],"twitter_card":"summary_large_image","schema":{"@context":"https:\/\/schema.org","@graph":[{"@type":"WebPage","@id":"https:\/\/skbearings.co.uk\/product\/skd\/","url":"https:\/\/skbearings.co.uk\/product\/skd\/","name":"Rodamiento SKD Dowel Cap - SK Bearings","isPartOf":{"@id":"https:\/\/skbearings.co.uk\/#website"},"primaryImageOfPage":{"@id":"https:\/\/skbearings.co.uk\/product\/skd\/#primaryimage"},"image":{"@id":"https:\/\/skbearings.co.uk\/product\/skd\/#primaryimage"},"thumbnailUrl":"https:\/\/skbearings.co.uk\/wp-content\/uploads\/2019\/10\/SKD-Website-Image.png","datePublished":"2019-10-07T12:56:31+00:00","dateModified":"2021-02-02T16:01:20+00:00","description":"Las tapas de pasador SKD est\u00e1n dise\u00f1adas para acomodar peque\u00f1os movimientos horizontales de los pasadores de acero, como los que pueden emplearse en algunos dise\u00f1os de puentes.","breadcrumb":{"@id":"https:\/\/skbearings.co.uk\/product\/skd\/#breadcrumb"},"inLanguage":"es","potentialAction":[{"@type":"ReadAction","target":["https:\/\/skbearings.co.uk\/product\/skd\/"]}]},{"@type":"ImageObject","inLanguage":"es","@id":"https:\/\/skbearings.co.uk\/product\/skd\/#primaryimage","url":"https:\/\/skbearings.co.uk\/wp-content\/uploads\/2019\/10\/SKD-Website-Image.png","contentUrl":"https:\/\/skbearings.co.uk\/wp-content\/uploads\/2019\/10\/SKD-Website-Image.png","width":2067,"height":1345,"caption":"SKD Bearing"},{"@type":"BreadcrumbList","@id":"https:\/\/skbearings.co.uk\/product\/skd\/#breadcrumb","itemListElement":[{"@type":"ListItem","position":1,"name":"Home","item":"https:\/\/skbearings.co.uk\/"},{"@type":"ListItem","position":2,"name":"All Products","item":"https:\/\/skbearings.co.uk\/products\/"},{"@type":"ListItem","position":3,"name":"Dowel Cap SKD Bearing"}]},{"@type":"WebSite","@id":"https:\/\/skbearings.co.uk\/#website","url":"https:\/\/skbearings.co.uk\/","name":"Rodamientos SK","description":"","publisher":{"@id":"https:\/\/skbearings.co.uk\/#organization"},"potentialAction":[{"@type":"SearchAction","target":{"@type":"EntryPoint","urlTemplate":"https:\/\/skbearings.co.uk\/?s={search_term_string}"},"query-input":{"@type":"PropertyValueSpecification","valueRequired":true,"valueName":"search_term_string"}}],"inLanguage":"es"},{"@type":"Organization","@id":"https:\/\/skbearings.co.uk\/#organization","name":"Rodamientos SK","url":"https:\/\/skbearings.co.uk\/","logo":{"@type":"ImageObject","inLanguage":"es","@id":"https:\/\/skbearings.co.uk\/#\/schema\/logo\/image\/","url":"https:\/\/skbearings.local\/wp-content\/uploads\/2019\/11\/skbearings_logo.jpg","contentUrl":"https:\/\/skbearings.local\/wp-content\/uploads\/2019\/11\/skbearings_logo.jpg","width":636,"height":141,"caption":"SK Bearings"},"image":{"@id":"https:\/\/skbearings.co.uk\/#\/schema\/logo\/image\/"}}]}},"_links":{"self":[{"href":"https:\/\/skbearings.co.uk\/es\/wp-json\/wp\/v2\/product\/276","targetHints":{"allow":["GET"]}}],"collection":[{"href":"https:\/\/skbearings.co.uk\/es\/wp-json\/wp\/v2\/product"}],"about":[{"href":"https:\/\/skbearings.co.uk\/es\/wp-json\/wp\/v2\/types\/product"}],"wp:featuredmedia":[{"embeddable":true,"href":"https:\/\/skbearings.co.uk\/es\/wp-json\/wp\/v2\/media\/663"}],"wp:attachment":[{"href":"https:\/\/skbearings.co.uk\/es\/wp-json\/wp\/v2\/media?parent=276"}],"wp:term":[{"taxonomy":"product_brand","embeddable":true,"href":"https:\/\/skbearings.co.uk\/es\/wp-json\/wp\/v2\/product_brand?post=276"},{"taxonomy":"product_cat","embeddable":true,"href":"https:\/\/skbearings.co.uk\/es\/wp-json\/wp\/v2\/product_cat?post=276"},{"taxonomy":"product_tag","embeddable":true,"href":"https:\/\/skbearings.co.uk\/es\/wp-json\/wp\/v2\/product_tag?post=276"}],"curies":[{"name":"wp","href":"https:\/\/api.w.org\/{rel}","templated":true}]}}